{"id":210,"date":"2021-11-23T22:37:05","date_gmt":"2021-11-23T22:37:05","guid":{"rendered":"https:\/\/elocan.sorbonne-universite.fr\/?page_id=210"},"modified":"2026-03-06T09:29:16","modified_gmt":"2026-03-06T09:29:16","slug":"mentions-legales","status":"publish","type":"page","link":"https:\/\/elocan.sorbonne-universite.fr\/?page_id=210","title":{"rendered":"Mentions l\u00e9gales"},"content":{"rendered":"\n<h2 class=\"wp-block-heading\">Mentions l\u00e9gales<\/h2>\n\n\n\n<p>Le site https:\/\/elocan.sorbonne-universite.fr est une publication de l\u2019\u00e9quipe \u00ab Elocan \u00bb. <br>Adresse : 28 rue Serpente, 75006 Paris.<br><strong>Responsable de la publication<\/strong> : Renaud Debailly<br><strong>Administrateur<\/strong> : Hugo Jeanningros<br><strong>H\u00e9bergement <\/strong>: Sorbonne Universit\u00e9.<\/p>\n\n\n\n<p><strong>Collecte de donn\u00e9es<\/strong><br>Ce site ne collecte aucune donn\u00e9e personnelle.<\/p>\n\n\n\n<p><strong>Utilisation du contenu<\/strong><br>Les contenus, les textes, les vid\u00e9os, les images et les animations du site sont mis \u00e0 disposition du public par le responsable de la publication et Sorbonne Universit\u00e9. La reproduction, traduction ou toute autre utilisation de donn\u00e9es ou d\u2019informations provenant du site http:\/\/elocan.sorbonne-universite.fr \u00e0 des fins autres que de recherches, \u00e9tudes personnelles, \u00e9ducatives et non commerciales, sont subordonn\u00e9es \u00e0 l\u2019obtention pr\u00e9alable d\u2019une autorisation \u00e9crite du responsable de la publication.<\/p>\n\n\n\n<p><strong>Responsabilit\u00e9 du contenu<\/strong><br>L\u2019\u00e9quipe Elocan s\u2019efforce d\u2019assurer au mieux de ses possibilit\u00e9s l\u2019exactitude et la mise \u00e0 jour des informations diffus\u00e9es, au moment de leur mise en ligne sur le site. Cependant, elle ne garantit en aucune fa\u00e7on l\u2019exactitude, la pr\u00e9cision ou l\u2019exhaustivit\u00e9 des informations mises \u00e0 disposition sur le site. Les informations pr\u00e9sentes sur le site sont non-contractuelles et peuvent \u00eatre modifi\u00e9es \u00e0 tout moment.<\/p>\n\n\n\n<p>Le site est r\u00e9gi par la loi fran\u00e7aise. Les utilisateurs \u00e9trangers acceptent formellement l\u2019application de la loi fran\u00e7aise en visitant ce site et en utilisant tout ou partie des fonctionnalit\u00e9s du site.<\/p>\n\n\n\n<p><strong>Liens<\/strong><br>Le site de l&rsquo;\u00e9tude Elocan peut contenir des liens vers des sites de partenaires ou de tiers. Ne disposant d\u2019aucun moyen pour contr\u00f4ler ces sites, le responsable de la publication n\u2019offre aucune garantie quant au respect par ces sites des lois et r\u00e8glement en vigueur.<\/p>\n","protected":false},"excerpt":{"rendered":"<p>Mentions l\u00e9gales Le site https:\/\/elocan.sorbonne-universite.fr est une publication de l\u2019\u00e9quipe \u00ab Elocan \u00bb. Adresse : 28 rue Serpente, 75006 Paris.Responsable de la publication : Renaud DebaillyAdministrateur : Hugo JeanningrosH\u00e9bergement : Sorbonne Universit\u00e9. Collecte de donn\u00e9esCe site ne collecte aucune donn\u00e9e personnelle. Utilisation du contenuLes contenus, les textes, les vid\u00e9os, les images et les animations du&hellip; <a class=\"more-link\" href=\"https:\/\/elocan.sorbonne-universite.fr\/?page_id=210\">Poursuivre la lecture <span class=\"screen-reader-text\">Mentions l\u00e9gales<\/span><\/a><\/p>\n","protected":false},"author":2,"featured_media":0,"parent":0,"menu_order":0,"comment_status":"closed","ping_status":"closed","template":"","meta":{"footnotes":""},"class_list":["post-210","page","type-page","status-publish","hentry","entry"],"_links":{"self":[{"href":"https:\/\/elocan.sorbonne-universite.fr\/index.php?rest_route=\/wp\/v2\/pages\/210","targetHints":{"allow":["GET"]}}],"collection":[{"href":"https:\/\/elocan.sorbonne-universite.fr\/index.php?rest_route=\/wp\/v2\/pages"}],"about":[{"href":"https:\/\/elocan.sorbonne-universite.fr\/index.php?rest_route=\/wp\/v2\/types\/page"}],"author":[{"embeddable":true,"href":"https:\/\/elocan.sorbonne-universite.fr\/index.php?rest_route=\/wp\/v2\/users\/2"}],"replies":[{"embeddable":true,"href":"https:\/\/elocan.sorbonne-universite.fr\/index.php?rest_route=%2Fwp%2Fv2%2Fcomments&post=210"}],"version-history":[{"count":2,"href":"https:\/\/elocan.sorbonne-universite.fr\/index.php?rest_route=\/wp\/v2\/pages\/210\/revisions"}],"predecessor-version":[{"id":449,"href":"https:\/\/elocan.sorbonne-universite.fr\/index.php?rest_route=\/wp\/v2\/pages\/210\/revisions\/449"}],"wp:attachment":[{"href":"https:\/\/elocan.sorbonne-universite.fr\/index.php?rest_route=%2Fwp%2Fv2%2Fmedia&parent=210"}],"curies":[{"name":"wp","href":"https:\/\/api.w.org\/{rel}","templated":true}]}}