{"id":52,"date":"2021-11-05T08:57:55","date_gmt":"2021-11-05T08:57:55","guid":{"rendered":"https:\/\/elocan.sorbonne-universite.fr\/?page_id=52"},"modified":"2025-08-31T10:29:18","modified_gmt":"2025-08-31T10:29:18","slug":"brite","status":"publish","type":"page","link":"https:\/\/elocan.sorbonne-universite.fr\/","title":{"rendered":"Front Page"},"content":{"rendered":"<div class=\"wp-block-image\">\n<figure class=\"aligncenter size-large\"><img loading=\"lazy\" decoding=\"async\" width=\"1024\" height=\"530\" src=\"https:\/\/web008-plesk-lettres-24.sorbonne-universite.fr\/wp-content\/uploads\/2021\/12\/iStock-97403487-1024x530.jpg\" alt=\"\" class=\"wp-image-351\" srcset=\"https:\/\/elocan.sorbonne-universite.fr\/wp-content\/uploads\/2021\/12\/iStock-97403487-1024x530.jpg 1024w, https:\/\/elocan.sorbonne-universite.fr\/wp-content\/uploads\/2021\/12\/iStock-97403487-300x155.jpg 300w, https:\/\/elocan.sorbonne-universite.fr\/wp-content\/uploads\/2021\/12\/iStock-97403487-768x398.jpg 768w, https:\/\/elocan.sorbonne-universite.fr\/wp-content\/uploads\/2021\/12\/iStock-97403487.jpg 1172w\" sizes=\"auto, (max-width: 1024px) 100vw, 1024px\" \/><\/figure>\n<\/div>\n\n\n<div style=\"height:100px\" aria-hidden=\"true\" class=\"wp-block-spacer\"><\/div>\n\n\n\n<p>Plus de 3 millions de fran\u00e7aises et fran\u00e7ais vivent avec le cancer ou en ont \u00e9t\u00e9 gu\u00e9ris. Les progr\u00e8s importants effectu\u00e9s ces derni\u00e8res ann\u00e9es en termes de gu\u00e9rison du cancer soul\u00e8vent de nouvelles probl\u00e9matiques. Les anciens malades du cancer rencontrent parfois des difficult\u00e9s li\u00e9es par exemple \u00e0 la scolarit\u00e9, \u00e0 l\u2019emploi ou encore \u00e0 l\u2019emprunt, objet de cette \u00e9tude. L\u2019\u00e9tude Elocan vise \u00e0 am\u00e9liorer la compr\u00e9hension des difficult\u00e9s auxquelles font face les anciens malades du cancer vis-\u00e0-vis des projets d\u2019emprunt immobiliers ou professionnels.<\/p>\n\n\n\n<p>En France, depuis 2016, le \u00ab&nbsp;droit \u00e0 l\u2019oubli&nbsp;\u00bb permet aux personnes gu\u00e9ries d\u2019un cancer de ne plus mentionner leur maladie lors d\u2019une demande de cr\u00e9dit et d\u2019assurance emprunteur. Cette loi, pionni\u00e8re en Europe, visait \u00e0 lutter contre une discrimination financi\u00e8re invisible mais tenace&nbsp;: les obstacles \u00e0 l\u2019acc\u00e8s au cr\u00e9dit pour cause d&rsquo;ant\u00e9c\u00e9dent de cancer. Une \u00e9tude in\u00e9dite vient d\u2019en \u00e9valuer les effets (\u00e9tude ELOCAN). Les r\u00e9sultats montrent que si le taux de difficult\u00e9s a significativement baiss\u00e9, notamment chez les anciens malades du cancer de l\u2019enfant, il reste des freins pour les personnes trait\u00e9es pour un cancer du sein. La promesse d\u2019effacer le pass\u00e9 m\u00e9dical se heurte parfois \u00e0 la complexit\u00e9 des situations individuelles et au temps n\u00e9cessaire pour pouvoir b\u00e9n\u00e9ficier du \u00ab&nbsp;droit \u00e0 l\u2019oubli&nbsp;\u00bb.<\/p>\n\n\n\n<p><strong>Qui \u00e9tait impliqu\u00e9 dans l&rsquo;\u00e9tude et par qui \u00e9tait-elle financ\u00e9e ? <\/strong><\/p>\n\n\n\n<p>L&rsquo;\u00e9tude Elocan a impliqu\u00e9 directement 17 chercheuses, chercheurs et partenaires associatifs d&rsquo;horizons divers. 5 chercheuses et chercheurs se sont particuli\u00e8rement charg\u00e9 de la conduire. Pour en savoir plus, rendez-vous sur la page <a href=\"https:\/\/web008-plesk-lettres-24.sorbonne-universite.fr\/?page_id=98\" data-type=\"page\" data-id=\"98\">L&rsquo;\u00e9quipe<\/a>.<\/p>\n\n\n\n<p>Le financement de l&rsquo;\u00e9tude a \u00e9t\u00e9 assur\u00e9 en premier lieu par l&rsquo;Institut National du Cancer (Inca), organisme \u00e0 but non lucratif et d&rsquo;int\u00e9r\u00eat g\u00e9n\u00e9ral charg\u00e9 de financer la recherche sur le cancer au niveau national. L&rsquo;\u00e9tude a \u00e9galement \u00e9t\u00e9 financ\u00e9e par le Site de Recherche Integr\u00e9 sur le Cancer de Sorbonne Universit\u00e9 (Siric Curamus), organisme de recherche d\u00e9pendant de Sorbonne Universit\u00e9.<\/p>\n\n\n\n<p>Elocan n&rsquo;a re\u00e7u aucun financement de la part d&rsquo;entreprises priv\u00e9es et ses chercheuses et chercheurs n&rsquo;ont aucun lien d&rsquo;int\u00e9r\u00eat avec le secteur de la banque ou de l&rsquo;assurance.<\/p>\n\n\n\n<p><strong>Pourquoi cette \u00e9tude se nomme-t-elle Elocan ? <\/strong><\/p>\n\n\n\n<p>L&rsquo;\u00e9tude tire son nom de son titre complet en anglais : <strong>E<\/strong>ffects of the right to be forgotten in accessing <strong>LO<\/strong>an-related insurance after <strong>CAN<\/strong>cer. <\/p>\n\n\n\n<p><\/p>\n","protected":false},"excerpt":{"rendered":"<p>Plus de 3 millions de fran\u00e7aises et fran\u00e7ais vivent avec le cancer ou en ont \u00e9t\u00e9 gu\u00e9ris. Les progr\u00e8s importants effectu\u00e9s ces derni\u00e8res ann\u00e9es en termes de gu\u00e9rison du cancer soul\u00e8vent de nouvelles probl\u00e9matiques. Les anciens malades du cancer rencontrent parfois des difficult\u00e9s li\u00e9es par exemple \u00e0 la scolarit\u00e9, \u00e0 l\u2019emploi ou encore \u00e0 l\u2019emprunt,&hellip; <a class=\"more-link\" href=\"https:\/\/elocan.sorbonne-universite.fr\/\">Poursuivre la lecture <span class=\"screen-reader-text\">Front Page<\/span><\/a><\/p>\n","protected":false},"author":2,"featured_media":0,"parent":0,"menu_order":0,"comment_status":"closed","ping_status":"closed","template":"","meta":{"footnotes":""},"class_list":["post-52","page","type-page","status-publish","hentry","entry"],"_links":{"self":[{"href":"https:\/\/elocan.sorbonne-universite.fr\/index.php?rest_route=\/wp\/v2\/pages\/52","targetHints":{"allow":["GET"]}}],"collection":[{"href":"https:\/\/elocan.sorbonne-universite.fr\/index.php?rest_route=\/wp\/v2\/pages"}],"about":[{"href":"https:\/\/elocan.sorbonne-universite.fr\/index.php?rest_route=\/wp\/v2\/types\/page"}],"author":[{"embeddable":true,"href":"https:\/\/elocan.sorbonne-universite.fr\/index.php?rest_route=\/wp\/v2\/users\/2"}],"replies":[{"embeddable":true,"href":"https:\/\/elocan.sorbonne-universite.fr\/index.php?rest_route=%2Fwp%2Fv2%2Fcomments&post=52"}],"version-history":[{"count":32,"href":"https:\/\/elocan.sorbonne-universite.fr\/index.php?rest_route=\/wp\/v2\/pages\/52\/revisions"}],"predecessor-version":[{"id":443,"href":"https:\/\/elocan.sorbonne-universite.fr\/index.php?rest_route=\/wp\/v2\/pages\/52\/revisions\/443"}],"wp:attachment":[{"href":"https:\/\/elocan.sorbonne-universite.fr\/index.php?rest_route=%2Fwp%2Fv2%2Fmedia&parent=52"}],"curies":[{"name":"wp","href":"https:\/\/api.w.org\/{rel}","templated":true}]}}