{"id":93,"date":"2021-11-23T16:37:06","date_gmt":"2021-11-23T16:37:06","guid":{"rendered":"https:\/\/elocan.sorbonne-universite.fr\/?page_id=93"},"modified":"2025-08-31T10:35:38","modified_gmt":"2025-08-31T10:35:38","slug":"resultats","status":"publish","type":"page","link":"https:\/\/elocan.sorbonne-universite.fr\/?page_id=93","title":{"rendered":"R\u00e9sultats"},"content":{"rendered":"\n<h2 class=\"wp-block-heading\">Les r\u00e9sultats<\/h2>\n\n\n\n<p><strong>Objectifs globaux du projet ELOCAN<\/strong><\/p>\n\n\n\n<p>L&rsquo;acc\u00e8s au cr\u00e9dit immobilier est un enjeu de soci\u00e9t\u00e9 qui concerne un Fran\u00e7ais sur trois. Dans la plupart des pays occidentaux, les banques demandent aux emprunteurs de couvrir leur pr\u00eat par une assurance. &nbsp;Or l\u2019acc\u00e8s \u00e0 cette assurance emprunteur est difficile pour les anciens malades du cancer, qui sont consid\u00e9r\u00e9s comme ayant un risque aggrav\u00e9 de sant\u00e9, avec de possibles surprimes, des exclusions de garantie, ou m\u00eame un refus d\u2019assurance. En France, une loi intitul\u00e9e \u00ab le droit \u00e0 l&rsquo;oubli \u00bb (DAO) a \u00e9t\u00e9 mise en place en 2016 pour les aider \u00e0 acc\u00e9der \u00e0 l\u2019assurance-emprunteur, en fonction de leur diagnostic, de leur \u00e2ge et de leur stade. Depuis, d\u2019autres pays Europ\u00e9ens ont suivi l\u2019exemple Fran\u00e7ais.&nbsp;<\/p>\n\n\n\n<p><br>L\u2019hypoth\u00e8se principale du projet ELOCAN \u00e9tait que le droit \u00e0 l\u2019oubli avait r\u00e9duit les difficult\u00e9s d\u2019acc\u00e8s \u00e0 l\u2019assurance emprunteur. On postule \u00e9galement que le droit \u00e0 l\u2019oubli est un dispositif complexe, qui soul\u00e8ve des enjeux \u00e0 l\u2019\u00e9chelle individuelle et soci\u00e9tale.\u00a0Cette recherche s\u2019appuyait sur une enqu\u00eate quantitative par questionnaire en ligne et des entretiens qualitatifs.\u00a0<br><br>Les r\u00e9sultats ont \u00e9t\u00e9 pr\u00e9sent\u00e9s au travers d\u2019un webinaire des Seintinelles, dont le replay est disponible <a href=\"https:\/\/www.seintinelles.com\/webinaire\/reussissez-vous-a-emprunter-apres-un-cancer\/\" target=\"_blank\" rel=\"noreferrer noopener\">ici.<\/a><\/p>\n\n\n\n<p><strong>R\u00e9sultats de l\u2019enqu\u00eate par questionnaire<\/strong> (<a href=\"https:\/\/doi.org\/10.1007\/s11764-025-01830-4\" target=\"_blank\" rel=\"noreferrer noopener\">voir la publication<\/a>)<\/p>\n\n\n\n<p>L\u2019objectif de l\u2019\u00e9tude par questionnaire \u00e9tait d\u2019\u00e9valuer les effets du droit \u00e0 l\u2019oubli sur la r\u00e9duction des difficult\u00e9s rencontr\u00e9es par les anciens malades du cancer vis-\u00e0-vis de l\u2019acc\u00e8s \u00e0 l\u2019assurance emprunteur. Les difficult\u00e9s \u00e9taient d\u00e9finies comme le fait de payer une surprime, d\u2019avoir des exclusions de garanties, ou de se voir refuser toute proposition d\u2019assurance par un assureur. Pour cela, on a sollicit\u00e9 la participation d\u2019anciens malades trait\u00e9s pour un cancer p\u00e9diatrique ou un cancer du sein et des personnes (des \u00ab t\u00e9moins \u00bb) sans ant\u00e9c\u00e9dent de cancer.<\/p>\n\n\n\n<p>Les participants ont \u00e9t\u00e9 principalement mobilis\u00e9s au travers des <a href=\"https:\/\/www.seintinelles.com\/\">Seintinelles<\/a> et de la cohorte <a href=\"https:\/\/fccss.fr\/\">FCCSS<\/a>.<\/p>\n\n\n\n<p>Les difficult\u00e9s d&rsquo;acc\u00e8s \u00e0 l&rsquo;assurance emprunteur signal\u00e9es par les anciens malades et les t\u00e9moins avant et apr\u00e8s l&rsquo;adoption du droit \u00e0 l\u2019oubli ont \u00e9t\u00e9 recueillies \u00e0 l&rsquo;aide d&rsquo;un questionnaire en ligne et compar\u00e9es entre les groupes (en suivant la m\u00e9thode d\u2019une \u00e9tude contr\u00f4l\u00e9e \u00ab avant-apr\u00e8s \u00bb). Les groupes ont \u00e9t\u00e9 rendus comparables (\u00ab appari\u00e9s \u00bb) \u00e0 l&rsquo;aide d&rsquo;un score bas\u00e9 sur la proximit\u00e9 des participants en termes d&rsquo;\u00e2ge, de sexe, de montant du capital assur\u00e9 et de variables se rapportant \u00e0 l\u2019\u00e9tat de sant\u00e9 (comorbidit\u00e9s, tabagisme, surpoids). Le recueil de donn\u00e9es s\u2019est arr\u00eat\u00e9 en 2022 et celles-ci ne prennent donc pas en compte les \u00e9volutions de la loi Lemoine.<\/p>\n\n\n\n<p>Les r\u00e9sultats montrent que la probabilit\u00e9 d\u2019avoir des difficult\u00e9s \u00e0 obtenir un pr\u00eat a diminu\u00e9 de mani\u00e8re significative apr\u00e8s l\u2019adoption du droit \u00e0 l\u2019oubli. Sur 552 r\u00e9pondants appari\u00e9s, des difficult\u00e9s d&rsquo;acc\u00e8s \u00e0 l&rsquo;assurance li\u00e9e au pr\u00eat ont \u00e9t\u00e9 signal\u00e9es par 65 % des cas contre 16 % des t\u00e9moins avant le droit \u00e0 l\u2019oubli et par 35 % des cas contre 15 % des t\u00e9moins apr\u00e8s le droit \u00e0 l\u2019oubli. Ces diff\u00e9rences \u00e9taient significatives sur le plan statistique quand l\u2019ensemble des participants \u00e9taient inclus. Mais, quand les analyses faisaient la diff\u00e9rence par type de cancer, on observe que les r\u00e9sultats n\u2019\u00e9taient pas significatifs pour la sous-population des personnes trait\u00e9es \u00e0 l\u2019\u00e2ge adulte pour un cancer du sein, m\u00eame s\u2019il y avait bien une r\u00e9duction importante de difficult\u00e9s rapport\u00e9es avant et apr\u00e8s la loi.<\/p>\n\n\n\n<p>Les r\u00e9sultats de l\u2019\u00e9tude quantitative sont publi\u00e9s et accessibles gratuitement\u00a0<a href=\"https:\/\/doi.org\/10.1007\/s11764-025-01830-4\" target=\"_blank\" rel=\"noreferrer noopener\">ici<\/a><\/p>\n\n\n\n<p>En conclusion, cinq ans apr\u00e8s la mise en place du droit \u00e0 l\u2019oubli, on observe une diminution significative de la proportion d\u2019anciens malades du cancer rencontrant des difficult\u00e9s apr\u00e8s l&rsquo;adoption du droit \u00e0 l\u2019oubli. Cependant, il restait des difficult\u00e9s possibles dans la mise en \u0153uvre, la diffusion et l&rsquo;utilisation de la loi, en particulier pour les personnes trait\u00e9es \u00e0 l\u2019\u00e2ge l&rsquo;adulte. La nouvelle loi Lemoine, dans laquelle le droit \u00e0 l\u2019oubli a \u00e9t\u00e9 r\u00e9duit pour tous les cancers 5 ans apr\u00e8s la fin des traitements, et, qui pr\u00e9voit la suppression des questionnaires de sant\u00e9 dans certaines conditions, repr\u00e9sente une avanc\u00e9e majeure. De plus, la convention AERAS continue de publier des grilles de r\u00e9f\u00e9rence permettant la prise en compte des avanc\u00e9es m\u00e9dicales.<\/p>\n\n\n\n<p><strong>R\u00e9sultats de l\u2019enqu\u00eate par entretiens<\/strong><\/p>\n\n\n\n<p>Pour comprendre les barri\u00e8res sociales, cognitives et symboliques \u00e0 l&rsquo;utilisation du DAO \u00e0 l\u2019\u00e9chelle individuelle, des entretiens ont \u00e9t\u00e9 r\u00e9alis\u00e9s avec des anciens patients avec diff\u00e9rentes exp\u00e9riences li\u00e9s au cr\u00e9dit.&nbsp;<\/p>\n\n\n\n<p>Des entretiens ont \u00e9galement \u00e9t\u00e9 r\u00e9alis\u00e9s avec des assureurs, des l\u00e9gislateurs, des juristes et des repr\u00e9sentants d\u2019associations, en France et \u00e0 l\u2019\u00e9tranger, pour comprendre les barri\u00e8res institutionnelles, politiques et \u00e9conomiques \u00e0 la mise en place du DAO, en France et dans les pays o\u00f9 il a \u00e9t\u00e9 impl\u00e9ment\u00e9.<\/p>\n\n\n\n<p>Les entretiens montrent qu\u2019il reste des difficult\u00e9s possibles dans la mise en \u0153uvre, la diffusion et l&rsquo;utilisation de la loi. Les crit\u00e8res utilis\u00e9s par les assureurs pour \u00e9valuer le risque peuvent sembler arbitraires ou inadapt\u00e9s aux yeux des patients qui estiment \u00eatre gu\u00e9ris. Surtout, les dispositions de la convention AERAS s\u2019opposent \u00e0 celles du \u00ab droit \u00e0 l\u2019oubli \u00bb puisqu\u2019elles n\u00e9cessitent de solliciter un avis m\u00e9dical et de mentionner les ant\u00e9c\u00e9dents m\u00e9dicaux, ce qui proc\u00e8de d\u2019un raisonnement contrintuitif et difficile \u00e0 comprendre pour le public. Le droit au devis ou le pr\u00eat sans assurance sont inconnus, et les courtiers en assurance m\u00e9connaissent les sp\u00e9cificit\u00e9s de l\u2019emprunt dans un contexte de risque aggrav\u00e9 en sant\u00e9. L\u2019acc\u00e8s aux dossiers m\u00e9dicaux est parfois difficile, et une confusion persiste sur le statut des ALD et du suivi \u00e0 long terme apr\u00e8s un cancer. Le fait que certains contrats d\u2019assurance emprunteur peuvent \u00eatre propos\u00e9s avec s\u00e9lection m\u00e9dicale, m\u00eame si cela ne concerne qu\u2019une minorit\u00e9 d\u2019assureurs, ajoute une confusion suppl\u00e9mentaire.<\/p>\n\n\n\n<p>Une r\u00e9flexion sur les limites \u00e9thiques du droit \u00e0 l\u2019oubli a \u00e9galement fait l\u2019objet d\u2019une publication, vous la trouverez <a href=\"https:\/\/www.sciencedirect.com\/science\/article\/abs\/pii\/S1765462925000200\" target=\"_blank\" rel=\"noreferrer noopener\">ici<\/a>.<\/p>\n\n\n\n<hr class=\"wp-block-separator has-css-opacity\"\/>\n\n\n\n<h4 class=\"wp-block-heading\"><\/h4>\n\n\n\n<p><strong>La diffusion d&rsquo;informations relatives au droit \u00e0 l&rsquo;oubli sur les r\u00e9seaux sociaux. <\/strong><\/p>\n\n\n\n<p>En parall\u00e8le de l&rsquo;\u00e9tude principale Elocan, un travail relatif \u00e0 l&rsquo;utilisation des m\u00e9dias sociaux dans la diffusion d&rsquo;informations relatives au droit \u00e0 l&rsquo;oubli \u00e9t\u00e9 publi\u00e9<\/p>\n\n\n\n<p>R. Debailly, H.Jeanningros et G.Lejeune, (2022) &lsquo;Twitter and the Dissemination of Information Related to the Access to Credit for Cancer Survivors: The Case of the \u201cRight to Be Forgotten\u201din France\u00a0\u00bb&lsquo; in <em>Social Computing and Social Media: Design, User Experience and Impact<\/em>.<em>Proceedings, Part I. <\/em><\/p>\n\n\n\n<p><strong>M\u00e9thodes<\/strong><\/p>\n\n\n\n<p>Dans cette \u00e9tude, nous avons collect\u00e9 60 740 messages portant sur le droit \u00e0 l&rsquo;oubli post\u00e9s sur le r\u00e9seau social Twitter. L&rsquo;analyse de ces Tweets et des r\u00e9seaux de diffusion montre la centralit\u00e9 des associations dans la diffusion de l&rsquo;information et dans la mobilisation pour l&rsquo;am\u00e9lioration de l&rsquo;acc\u00e8s des anciens malades au cr\u00e9dit. <\/p>\n\n\n\n<hr class=\"wp-block-separator has-alpha-channel-opacity\"\/>\n\n\n\n<p><strong>L&rsquo;assurance emprunteur avant l&rsquo;adoption du droit \u00e0 l&rsquo;oubli.<\/strong><\/p>\n\n\n\n<p>Des membres du groupe ELOCAN ont conduit une recherche sur les difficult\u00e9s d\u2019acc\u00e8s \u00e0 l\u2019assurance emprunteur apr\u00e8s un cancer p\u00e9diatrique <strong>avant<\/strong> l\u2019adoption du droit \u00e0 l\u2019oubli. (<a href=\"https:\/\/link.springer.com\/article\/10.1007%2Fs11764-017-0600-9\" data-type=\"link\" data-id=\"https:\/\/link.springer.com\/article\/10.1007%2Fs11764-017-0600-9\" target=\"_blank\" rel=\"noreferrer noopener\">Acc\u00e9der \u00e0 la publication<\/a>)<\/p>\n\n\n\n<p><strong>M\u00e9thodes<\/strong><\/p>\n\n\n\n<p>Dans cette \u00e9tude<strong>, <\/strong>1920 adultes trait\u00e9s avant l\u2019\u00e2ge de 18 ans dans cinq centres de canc\u00e9rologie fran\u00e7ais ont r\u00e9pondu \u00e0 un questionnaire en <strong>2010<\/strong>. On a demand\u00e9 aux personnes qui avaient essay\u00e9 d\u2019obtenir un cr\u00e9dit \u00e0 la consommation ou un pr\u00eat immobilier si elles avaient eu des difficult\u00e9s (c\u2019est-\u00e0-dire dire elles avaient eu des refus, des hausses du co\u00fbt de l\u2019assurance ou des exclusions de garantie). Le questionnaire recensait \u00e9galement un large nombre de probl\u00e8mes de sant\u00e9 (li\u00e9s aux syst\u00e8mes circulatoire, respiratoire, digestif, urinaire, endocrinien, hormonal et nerveux). Les difficult\u00e9s d\u2019acc\u00e8s \u00e0 l\u2019assurance emprunteur ont donc \u00e9t\u00e9 \u00e9tudi\u00e9es en prenant en compte toute la trajectoire de sant\u00e9 des personnes concern\u00e9es, c\u2019est-\u00e0-dire l\u2019historique des pathologies s\u00e9v\u00e8res pr\u00e9c\u00e9dant l\u2019ann\u00e9e de la demande d\u2019assurance.<\/p>\n\n\n\n<p><strong>R\u00e9sultats<\/strong><\/p>\n\n\n\n<p>Les participants avaient 6 ans en moyenne au moment du diagnostic et 32 ans en moyenne au moment de la demande de cr\u00e9dit. Des difficult\u00e9s ont \u00e9t\u00e9 rapport\u00e9es par 10% des personnes ayant tent\u00e9 d\u2019obtenir un cr\u00e9dit \u00e0 la consommation et par 30% de ceux ayant tent\u00e9 d\u2019obtenir un pr\u00eat immobilier. Les personnes qui avaient d\u00e9clar\u00e9 leur cancer p\u00e9diatrique \u00e0 l\u2019assureur ont rapport\u00e9 plus de difficult\u00e9s d\u2019acc\u00e8s \u00e0 l\u2019assurance, m\u00eame en prenant en compte l\u2019\u00e2ge, la situation professionnelle et familiale et l\u2019occurrence de maladies aggravant le risque de sant\u00e9 telles que les maladies cardiovasculaires. En conclusion, cette \u00e9tude attestait de l\u2019importance que le droit \u00e0 l\u2019oubli pouvait repr\u00e9senter pour l\u2019acc\u00e8s \u00e0 l\u2019assurance emprunteur pour les personnes trait\u00e9es pour un cancer p\u00e9diatrique. <\/p>\n\n\n\n<figure class=\"wp-block-image size-full\"><img loading=\"lazy\" decoding=\"async\" width=\"896\" height=\"670\" src=\"https:\/\/web008-plesk-lettres-24.sorbonne-universite.fr\/wp-content\/uploads\/2021\/12\/resultat-prec.jpg\" alt=\"\" class=\"wp-image-377\" srcset=\"https:\/\/elocan.sorbonne-universite.fr\/wp-content\/uploads\/2021\/12\/resultat-prec.jpg 896w, https:\/\/elocan.sorbonne-universite.fr\/wp-content\/uploads\/2021\/12\/resultat-prec-300x224.jpg 300w, https:\/\/elocan.sorbonne-universite.fr\/wp-content\/uploads\/2021\/12\/resultat-prec-768x574.jpg 768w\" sizes=\"auto, (max-width: 896px) 100vw, 896px\" \/><\/figure>\n\n\n\n<div class=\"wp-block-buttons is-horizontal is-content-justification-center is-layout-flex wp-container-core-buttons-is-layout-499968f5 wp-block-buttons-is-layout-flex\"><\/div>\n\n\n\n<p><\/p>\n","protected":false},"excerpt":{"rendered":"<p>Les r\u00e9sultats Objectifs globaux du projet ELOCAN L&rsquo;acc\u00e8s au cr\u00e9dit immobilier est un enjeu de soci\u00e9t\u00e9 qui concerne un Fran\u00e7ais sur trois. Dans la plupart des pays occidentaux, les banques demandent aux emprunteurs de couvrir leur pr\u00eat par une assurance. &nbsp;Or l\u2019acc\u00e8s \u00e0 cette assurance emprunteur est difficile pour les anciens malades du cancer, qui&hellip; <a class=\"more-link\" href=\"https:\/\/elocan.sorbonne-universite.fr\/?page_id=93\">Poursuivre la lecture <span class=\"screen-reader-text\">R\u00e9sultats<\/span><\/a><\/p>\n","protected":false},"author":2,"featured_media":0,"parent":0,"menu_order":0,"comment_status":"closed","ping_status":"closed","template":"","meta":{"footnotes":""},"class_list":["post-93","page","type-page","status-publish","hentry","entry"],"_links":{"self":[{"href":"https:\/\/elocan.sorbonne-universite.fr\/index.php?rest_route=\/wp\/v2\/pages\/93","targetHints":{"allow":["GET"]}}],"collection":[{"href":"https:\/\/elocan.sorbonne-universite.fr\/index.php?rest_route=\/wp\/v2\/pages"}],"about":[{"href":"https:\/\/elocan.sorbonne-universite.fr\/index.php?rest_route=\/wp\/v2\/types\/page"}],"author":[{"embeddable":true,"href":"https:\/\/elocan.sorbonne-universite.fr\/index.php?rest_route=\/wp\/v2\/users\/2"}],"replies":[{"embeddable":true,"href":"https:\/\/elocan.sorbonne-universite.fr\/index.php?rest_route=%2Fwp%2Fv2%2Fcomments&post=93"}],"version-history":[{"count":16,"href":"https:\/\/elocan.sorbonne-universite.fr\/index.php?rest_route=\/wp\/v2\/pages\/93\/revisions"}],"predecessor-version":[{"id":446,"href":"https:\/\/elocan.sorbonne-universite.fr\/index.php?rest_route=\/wp\/v2\/pages\/93\/revisions\/446"}],"wp:attachment":[{"href":"https:\/\/elocan.sorbonne-universite.fr\/index.php?rest_route=%2Fwp%2Fv2%2Fmedia&parent=93"}],"curies":[{"name":"wp","href":"https:\/\/api.w.org\/{rel}","templated":true}]}}