{"id":98,"date":"2021-11-23T16:43:04","date_gmt":"2021-11-23T16:43:04","guid":{"rendered":"https:\/\/elocan.sorbonne-universite.fr\/?page_id=98"},"modified":"2025-08-31T10:12:34","modified_gmt":"2025-08-31T10:12:34","slug":"lequipe","status":"publish","type":"page","link":"https:\/\/elocan.sorbonne-universite.fr\/?page_id=98","title":{"rendered":"L&rsquo;\u00e9quipe"},"content":{"rendered":"\n<h2 class=\"wp-block-heading\">L&rsquo;\u00e9quipe<\/h2>\n\n\n\n<p>L&rsquo;\u00e9tude Elocan a principalement \u00e9t\u00e9 conduite par une \u00e9quipe de chercheuses et chercheurs en sociologie et en sant\u00e9 publique rattach\u00e9s \u00e0 l&rsquo;Institut national de la sant\u00e9 et de la recherche m\u00e9dicale (Inserm) et \u00e0 Sorbonne Universit\u00e9.<\/p>\n\n\n\n<hr class=\"wp-block-separator has-css-opacity\"\/>\n\n\n\n<p class=\"has-text-align-center\"><strong>&#8211;<\/strong> <strong>Agn\u00e8s Dumas<\/strong>, Sociologue.<br><br>                <strong>&#8211; Lisa Duconget<\/strong>, Sociologue.               <br><br>            <strong>&#8211; Nicolas Bougas<\/strong>, Epidemiologiste.<br><br>       <strong>&#8211; <\/strong>  <strong>Renaud Debailly<\/strong>, Sociologue.<br><br><strong>&#8211; Yann Benoist<\/strong>, Sociologue<br><br><strong>&#8211; Rachel Zacklad<\/strong>, Sociologue<br><br>        <strong>&#8211;<\/strong> <strong>Hugo Jeanningros<\/strong>, Sociologue<\/p>\n\n\n\n<p><\/p>\n\n\n\n<p><\/p>\n\n\n\n<p><\/p>\n\n\n\n<hr class=\"wp-block-separator has-css-opacity\"\/>\n\n\n\n<p>L&rsquo;\u00e9tude est \u00e9galement men\u00e9e par des partenaires acad\u00e9miques et associatifs rattach\u00e9s aux institutions suivantes :<\/p>\n\n\n\n<div class=\"wp-block-columns is-layout-flex wp-container-core-columns-is-layout-9d6595d7 wp-block-columns-is-layout-flex\">\n<div class=\"wp-block-column is-layout-flow wp-block-column-is-layout-flow\" style=\"flex-basis:100%\">\n<div class=\"wp-block-columns is-layout-flex wp-container-core-columns-is-layout-9d6595d7 wp-block-columns-is-layout-flex\">\n<div class=\"wp-block-column is-vertically-aligned-center is-layout-flow wp-block-column-is-layout-flow\">\n<div class=\"wp-block-group alignfull\"><div class=\"wp-block-group__inner-container is-layout-flow wp-block-group-is-layout-flow\">\n<div class=\"wp-block-columns alignfull is-layout-flex wp-container-core-columns-is-layout-9d6595d7 wp-block-columns-is-layout-flex\">\n<div class=\"wp-block-column is-layout-flow wp-block-column-is-layout-flow\"><div class=\"wp-block-image\">\n<figure class=\"aligncenter size-full is-resized\"><img loading=\"lazy\" decoding=\"async\" width=\"1024\" height=\"649\" src=\"https:\/\/web008-plesk-lettres-24.sorbonne-universite.fr\/wp-content\/uploads\/2021\/11\/Logo-gustave-roussy-2.jpg\" alt=\"\" class=\"wp-image-137\" style=\"width:276px;height:174px\" srcset=\"https:\/\/elocan.sorbonne-universite.fr\/wp-content\/uploads\/2021\/11\/Logo-gustave-roussy-2.jpg 1024w, https:\/\/elocan.sorbonne-universite.fr\/wp-content\/uploads\/2021\/11\/Logo-gustave-roussy-2-300x190.jpg 300w, https:\/\/elocan.sorbonne-universite.fr\/wp-content\/uploads\/2021\/11\/Logo-gustave-roussy-2-768x487.jpg 768w\" sizes=\"auto, (max-width: 1024px) 100vw, 1024px\" \/><\/figure>\n<\/div><\/div>\n\n\n\n<div class=\"wp-block-column is-layout-flow wp-block-column-is-layout-flow\"><div class=\"wp-block-image\">\n<figure class=\"aligncenter size-full is-resized\"><img loading=\"lazy\" decoding=\"async\" width=\"408\" height=\"184\" src=\"https:\/\/web008-plesk-lettres-24.sorbonne-universite.fr\/wp-content\/uploads\/2021\/11\/CGFL-184-1.png\" alt=\"\" class=\"wp-image-141\" style=\"width:296px;height:134px\" srcset=\"https:\/\/elocan.sorbonne-universite.fr\/wp-content\/uploads\/2021\/11\/CGFL-184-1.png 408w, https:\/\/elocan.sorbonne-universite.fr\/wp-content\/uploads\/2021\/11\/CGFL-184-1-300x135.png 300w\" sizes=\"auto, (max-width: 408px) 100vw, 408px\" \/><\/figure>\n<\/div><\/div>\n<\/div>\n<\/div><\/div>\n<\/div>\n<\/div>\n<\/div>\n<\/div>\n\n\n\n<div class=\"wp-block-columns is-layout-flex wp-container-core-columns-is-layout-9d6595d7 wp-block-columns-is-layout-flex\">\n<div class=\"wp-block-column is-layout-flow wp-block-column-is-layout-flow\">\n<figure class=\"wp-block-image size-full is-resized\"><img loading=\"lazy\" decoding=\"async\" width=\"433\" height=\"116\" src=\"https:\/\/web008-plesk-lettres-24.sorbonne-universite.fr\/wp-content\/uploads\/2021\/11\/index-2.png\" alt=\"\" class=\"wp-image-139\" style=\"width:545px;height:145px\" srcset=\"https:\/\/elocan.sorbonne-universite.fr\/wp-content\/uploads\/2021\/11\/index-2.png 433w, https:\/\/elocan.sorbonne-universite.fr\/wp-content\/uploads\/2021\/11\/index-2-300x80.png 300w\" sizes=\"auto, (max-width: 433px) 100vw, 433px\" \/><\/figure>\n<\/div>\n\n\n\n<div class=\"wp-block-column is-layout-flow wp-block-column-is-layout-flow\"><div class=\"wp-block-image\">\n<figure class=\"aligncenter size-full is-resized\"><img loading=\"lazy\" decoding=\"async\" width=\"690\" height=\"263\" src=\"https:\/\/web008-plesk-lettres-24.sorbonne-universite.fr\/wp-content\/uploads\/2021\/11\/UniversiteParis_logo_horizontal_couleur_RVB-690x263-5.png\" alt=\"\" class=\"wp-image-150\" style=\"width:356px;height:135px\" srcset=\"https:\/\/elocan.sorbonne-universite.fr\/wp-content\/uploads\/2021\/11\/UniversiteParis_logo_horizontal_couleur_RVB-690x263-5.png 690w, https:\/\/elocan.sorbonne-universite.fr\/wp-content\/uploads\/2021\/11\/UniversiteParis_logo_horizontal_couleur_RVB-690x263-5-300x114.png 300w\" sizes=\"auto, (max-width: 690px) 100vw, 690px\" \/><\/figure>\n<\/div><\/div>\n<\/div>\n\n\n\n<div class=\"wp-block-columns is-layout-flex wp-container-core-columns-is-layout-9d6595d7 wp-block-columns-is-layout-flex\">\n<div class=\"wp-block-column is-layout-flow wp-block-column-is-layout-flow\"><div class=\"wp-block-image\">\n<figure class=\"aligncenter size-full is-resized\"><img loading=\"lazy\" decoding=\"async\" width=\"1021\" height=\"790\" src=\"https:\/\/web008-plesk-lettres-24.sorbonne-universite.fr\/wp-content\/uploads\/2021\/11\/ECPC-Portrait-logo-low-res-2.jpg\" alt=\"\" class=\"wp-image-152\" style=\"width:253px;height:195px\" srcset=\"https:\/\/elocan.sorbonne-universite.fr\/wp-content\/uploads\/2021\/11\/ECPC-Portrait-logo-low-res-2.jpg 1021w, https:\/\/elocan.sorbonne-universite.fr\/wp-content\/uploads\/2021\/11\/ECPC-Portrait-logo-low-res-2-300x232.jpg 300w, https:\/\/elocan.sorbonne-universite.fr\/wp-content\/uploads\/2021\/11\/ECPC-Portrait-logo-low-res-2-768x594.jpg 768w\" sizes=\"auto, (max-width: 1021px) 100vw, 1021px\" \/><\/figure>\n<\/div><\/div>\n\n\n\n<div class=\"wp-block-column is-layout-flow wp-block-column-is-layout-flow\">\n<figure class=\"wp-block-image size-large is-resized\"><img loading=\"lazy\" decoding=\"async\" width=\"1024\" height=\"1024\" src=\"https:\/\/web008-plesk-lettres-24.sorbonne-universite.fr\/wp-content\/uploads\/2021\/11\/lossy-page1-1200px-LALIGUE_LOGO_C_RVB_V.tif-2-1024x1024.jpg\" alt=\"\" class=\"wp-image-153\" style=\"width:178px;height:178px\" srcset=\"https:\/\/elocan.sorbonne-universite.fr\/wp-content\/uploads\/2021\/11\/lossy-page1-1200px-LALIGUE_LOGO_C_RVB_V.tif-2-1024x1024.jpg 1024w, https:\/\/elocan.sorbonne-universite.fr\/wp-content\/uploads\/2021\/11\/lossy-page1-1200px-LALIGUE_LOGO_C_RVB_V.tif-2-300x300.jpg 300w, https:\/\/elocan.sorbonne-universite.fr\/wp-content\/uploads\/2021\/11\/lossy-page1-1200px-LALIGUE_LOGO_C_RVB_V.tif-2-150x150.jpg 150w, https:\/\/elocan.sorbonne-universite.fr\/wp-content\/uploads\/2021\/11\/lossy-page1-1200px-LALIGUE_LOGO_C_RVB_V.tif-2-768x768.jpg 768w, https:\/\/elocan.sorbonne-universite.fr\/wp-content\/uploads\/2021\/11\/lossy-page1-1200px-LALIGUE_LOGO_C_RVB_V.tif-2.jpg 1200w\" sizes=\"auto, (max-width: 1024px) 100vw, 1024px\" \/><\/figure>\n<\/div>\n<\/div>\n\n\n<div class=\"wp-block-image\">\n<figure class=\"aligncenter size-full is-resized\"><img loading=\"lazy\" decoding=\"async\" width=\"613\" height=\"130\" src=\"https:\/\/web008-plesk-lettres-24.sorbonne-universite.fr\/wp-content\/uploads\/2021\/11\/Logo-seintinelles-1.png\" alt=\"\" class=\"wp-image-144\" style=\"width:452px;height:96px\" srcset=\"https:\/\/elocan.sorbonne-universite.fr\/wp-content\/uploads\/2021\/11\/Logo-seintinelles-1.png 613w, https:\/\/elocan.sorbonne-universite.fr\/wp-content\/uploads\/2021\/11\/Logo-seintinelles-1-300x64.png 300w\" sizes=\"auto, (max-width: 613px) 100vw, 613px\" \/><\/figure>\n<\/div>","protected":false},"excerpt":{"rendered":"<p>L&rsquo;\u00e9quipe L&rsquo;\u00e9tude Elocan a principalement \u00e9t\u00e9 conduite par une \u00e9quipe de chercheuses et chercheurs en sociologie et en sant\u00e9 publique rattach\u00e9s \u00e0 l&rsquo;Institut national de la sant\u00e9 et de la recherche m\u00e9dicale (Inserm) et \u00e0 Sorbonne Universit\u00e9. &#8211; Agn\u00e8s Dumas, Sociologue. &#8211; Lisa Duconget, Sociologue. &#8211; Nicolas Bougas, Epidemiologiste. &#8211; Renaud Debailly, Sociologue. &#8211; Yann&hellip; <a class=\"more-link\" href=\"https:\/\/elocan.sorbonne-universite.fr\/?page_id=98\">Poursuivre la lecture <span class=\"screen-reader-text\">L&rsquo;\u00e9quipe<\/span><\/a><\/p>\n","protected":false},"author":2,"featured_media":0,"parent":0,"menu_order":0,"comment_status":"closed","ping_status":"closed","template":"","meta":{"footnotes":""},"class_list":["post-98","page","type-page","status-publish","hentry","entry"],"_links":{"self":[{"href":"https:\/\/elocan.sorbonne-universite.fr\/index.php?rest_route=\/wp\/v2\/pages\/98","targetHints":{"allow":["GET"]}}],"collection":[{"href":"https:\/\/elocan.sorbonne-universite.fr\/index.php?rest_route=\/wp\/v2\/pages"}],"about":[{"href":"https:\/\/elocan.sorbonne-universite.fr\/index.php?rest_route=\/wp\/v2\/types\/page"}],"author":[{"embeddable":true,"href":"https:\/\/elocan.sorbonne-universite.fr\/index.php?rest_route=\/wp\/v2\/users\/2"}],"replies":[{"embeddable":true,"href":"https:\/\/elocan.sorbonne-universite.fr\/index.php?rest_route=%2Fwp%2Fv2%2Fcomments&post=98"}],"version-history":[{"count":38,"href":"https:\/\/elocan.sorbonne-universite.fr\/index.php?rest_route=\/wp\/v2\/pages\/98\/revisions"}],"predecessor-version":[{"id":435,"href":"https:\/\/elocan.sorbonne-universite.fr\/index.php?rest_route=\/wp\/v2\/pages\/98\/revisions\/435"}],"wp:attachment":[{"href":"https:\/\/elocan.sorbonne-universite.fr\/index.php?rest_route=%2Fwp%2Fv2%2Fmedia&parent=98"}],"curies":[{"name":"wp","href":"https:\/\/api.w.org\/{rel}","templated":true}]}}